{"id":323,"date":"2024-11-24T13:03:55","date_gmt":"2024-11-24T13:03:55","guid":{"rendered":"https:\/\/renholeksperten.maroc-marketing.com\/?page_id=321"},"modified":"2024-11-24T13:03:55","modified_gmt":"2024-11-24T13:03:55","slug":"artikler","status":"publish","type":"page","link":"https:\/\/renholeksperten.no\/index.php\/artikler\/","title":{"rendered":"Artikler"},"content":{"rendered":"\t\t<div data-elementor-type=\"wp-page\" data-elementor-id=\"323\" class=\"elementor elementor-323\">\n\t\t\t\t<div class=\"elementor-element elementor-element-7488b0d e-flex e-con-boxed e-con e-parent\" data-id=\"7488b0d\" data-element_type=\"container\">\n\t\t\t\t\t<div class=\"e-con-inner\">\n\t\t\t\t<div class=\"elementor-element elementor-element-4fc8d4c elementor-widget elementor-widget-spacer\" data-id=\"4fc8d4c\" data-element_type=\"widget\" data-widget_type=\"spacer.default\">\n\t\t\t\t<div class=\"elementor-widget-container\">\n\t\t\t\t\t<div class=\"elementor-spacer\">\n\t\t\t<div class=\"elementor-spacer-inner\"><\/div>\n\t\t<\/div>\n\t\t\t\t<\/div>\n\t\t\t\t<\/div>\n\t\t\t\t\t<\/div>\n\t\t\t\t<\/div>\n\t\t<div class=\"elementor-element elementor-element-b2aee54 e-flex e-con-boxed e-con e-parent\" data-id=\"b2aee54\" data-element_type=\"container\">\n\t\t\t\t\t<div class=\"e-con-inner\">\n\t\t\t\t<div class=\"elementor-element elementor-element-2e4bf41 elementor-grid-eael-col-2 elementor-grid-tablet-eael-col-2 elementor-grid-mobile-eael-col-1 elementor-widget elementor-widget-eael-post-grid\" data-id=\"2e4bf41\" data-element_type=\"widget\" data-settings=\"{&quot;eael_post_grid_columns&quot;:&quot;eael-col-2&quot;,&quot;eael_post_grid_columns_tablet&quot;:&quot;eael-col-2&quot;,&quot;eael_post_grid_columns_mobile&quot;:&quot;eael-col-1&quot;}\" data-widget_type=\"eael-post-grid.default\">\n\t\t\t\t<div class=\"elementor-widget-container\">\n\t\t\t<div id=\"eael-post-grid-2e4bf41\" class=\"eael-post-grid-container\">\n            <div class=\"eael-post-grid eael-post-appender eael-post-appender-2e4bf41 eael-post-grid-style-two\" data-layout-mode=\"masonry\"><article class=\"eael-grid-post eael-post-grid-column\" data-id=\"326\">\n        <div class=\"eael-grid-post-holder\">\n            <div class=\"eael-grid-post-holder-inner\"><div class=\"eael-entry-wrapper\"><header class=\"eael-entry-header\"><h2 class=\"eael-entry-title\"><a class=\"eael-grid-post-link\" href=\"https:\/\/renholeksperten.no\/index.php\/2024\/11\/24\/mikrofiberkluter-for-rengjoring\/\" title=\"Mikrofiberkluter for Rengj\u00f8ring\">Mikrofiberkluter for Rengj\u00f8ring<\/a><\/h2><\/header><div class=\"eael-entry-content\">\n                                    <div class=\"eael-grid-post-excerpt\"><p>Mikrofiberkluter for Rengj\u00f8ring Mikrofiberkluter er blant de mest popul\u00e6re rengj\u00f8ringsverkt\u00f8yene...<\/p><a\n                                        href=\"https:\/\/renholeksperten.no\/index.php\/2024\/11\/24\/mikrofiberkluter-for-rengjoring\/\"\n                                        class=\"eael-post-elements-readmore-btn\">Les artikkelen<\/a><\/div>\n                                <\/div><div class=\"eael-entry-header-after style-two\"><div class=\"eael-entry-meta\"><\/div><\/div><\/div><\/div>\n        <\/div>\n    <\/article><article class=\"eael-grid-post eael-post-grid-column\" data-id=\"335\">\n        <div class=\"eael-grid-post-holder\">\n            <div class=\"eael-grid-post-holder-inner\"><div class=\"eael-entry-wrapper\"><header class=\"eael-entry-header\"><h2 class=\"eael-entry-title\"><a class=\"eael-grid-post-link\" href=\"https:\/\/renholeksperten.no\/index.php\/2024\/11\/24\/sma-stovsugere-for-rask-rengjoring\/\" title=\"Sm\u00e5 St\u00f8vsugere for Rask Rengj\u00f8ring\">Sm\u00e5 St\u00f8vsugere for Rask Rengj\u00f8ring<\/a><\/h2><\/header><div class=\"eael-entry-content\">\n                                    <div class=\"eael-grid-post-excerpt\"><p>Sm\u00e5 St\u00f8vsugere for Rask Rengj\u00f8ring En liten st\u00f8vsuger er et...<\/p><a\n                                        href=\"https:\/\/renholeksperten.no\/index.php\/2024\/11\/24\/sma-stovsugere-for-rask-rengjoring\/\"\n                                        class=\"eael-post-elements-readmore-btn\">Les artikkelen<\/a><\/div>\n                                <\/div><div class=\"eael-entry-header-after style-two\"><div class=\"eael-entry-meta\"><\/div><\/div><\/div><\/div>\n        <\/div>\n    <\/article><article class=\"eael-grid-post eael-post-grid-column\" data-id=\"336\">\n        <div class=\"eael-grid-post-holder\">\n            <div class=\"eael-grid-post-holder-inner\"><div class=\"eael-entry-wrapper\"><header class=\"eael-entry-header\"><h2 class=\"eael-entry-title\"><a class=\"eael-grid-post-link\" href=\"https:\/\/renholeksperten.no\/index.php\/2024\/11\/24\/glassrens-for-skinnende-ruter\/\" title=\"Glassrens for Skinnende Ruter\">Glassrens for Skinnende Ruter<\/a><\/h2><\/header><div class=\"eael-entry-content\">\n                                    <div class=\"eael-grid-post-excerpt\"><p>Glassrens for Skinnende Ruter Glassrens er et annet viktig rengj\u00f8ringsprodukt...<\/p><a\n                                        href=\"https:\/\/renholeksperten.no\/index.php\/2024\/11\/24\/glassrens-for-skinnende-ruter\/\"\n                                        class=\"eael-post-elements-readmore-btn\">Les artikkelen<\/a><\/div>\n                                <\/div><div class=\"eael-entry-header-after style-two\"><div class=\"eael-entry-meta\"><\/div><\/div><\/div><\/div>\n        <\/div>\n    <\/article><article class=\"eael-grid-post eael-post-grid-column\" data-id=\"337\">\n        <div class=\"eael-grid-post-holder\">\n            <div class=\"eael-grid-post-holder-inner\"><div class=\"eael-entry-wrapper\"><header class=\"eael-entry-header\"><h2 class=\"eael-entry-title\"><a class=\"eael-grid-post-link\" href=\"https:\/\/renholeksperten.no\/index.php\/2024\/11\/24\/mikrofibergulvmopper-for-raskt-gulvrengjoring\/\" title=\"Mikrofibergulvmopper for Raskt Gulvrengj\u00f8ring\">Mikrofibergulvmopper for Raskt Gulvrengj\u00f8ring<\/a><\/h2><\/header><div class=\"eael-entry-content\">\n                                    <div class=\"eael-grid-post-excerpt\"><p>Mikrofibergulvmopper for Raskt Gulvrengj\u00f8ring Mikrofibergulvmopper er et flott alternativ for...<\/p><a\n                                        href=\"https:\/\/renholeksperten.no\/index.php\/2024\/11\/24\/mikrofibergulvmopper-for-raskt-gulvrengjoring\/\"\n                                        class=\"eael-post-elements-readmore-btn\">Les artikkelen<\/a><\/div>\n                                <\/div><div class=\"eael-entry-header-after style-two\"><div class=\"eael-entry-meta\"><\/div><\/div><\/div><\/div>\n        <\/div>\n    <\/article><article class=\"eael-grid-post eael-post-grid-column\" data-id=\"338\">\n        <div class=\"eael-grid-post-holder\">\n            <div class=\"eael-grid-post-holder-inner\"><div class=\"eael-entry-wrapper\"><header class=\"eael-entry-header\"><h2 class=\"eael-entry-title\"><a class=\"eael-grid-post-link\" href=\"https:\/\/renholeksperten.no\/index.php\/2024\/11\/24\/rengjoring-av-ovnen\/\" title=\"Rengj\u00f8ring av Ovnen\">Rengj\u00f8ring av Ovnen<\/a><\/h2><\/header><div class=\"eael-entry-content\">\n                                    <div class=\"eael-grid-post-excerpt\"><p>Rengj\u00f8ring av Ovnen Ovnsrommet kan ofte ha fastbrente matrester eller...<\/p><a\n                                        href=\"https:\/\/renholeksperten.no\/index.php\/2024\/11\/24\/rengjoring-av-ovnen\/\"\n                                        class=\"eael-post-elements-readmore-btn\">Les artikkelen<\/a><\/div>\n                                <\/div><div class=\"eael-entry-header-after style-two\"><div class=\"eael-entry-meta\"><\/div><\/div><\/div><\/div>\n        <\/div>\n    <\/article><article class=\"eael-grid-post eael-post-grid-column\" data-id=\"339\">\n        <div class=\"eael-grid-post-holder\">\n            <div class=\"eael-grid-post-holder-inner\"><div class=\"eael-entry-wrapper\"><header class=\"eael-entry-header\"><h2 class=\"eael-entry-title\"><a class=\"eael-grid-post-link\" href=\"https:\/\/renholeksperten.no\/index.php\/2024\/11\/24\/rengjoring-av-topplaten\/\" title=\"Rengj\u00f8ring av Topplaten\">Rengj\u00f8ring av Topplaten<\/a><\/h2><\/header><div class=\"eael-entry-content\">\n                                    <div class=\"eael-grid-post-excerpt\"><p>Rengj\u00f8ring av Topplaten Toppen av komfyren er der mesteparten av...<\/p><a\n                                        href=\"https:\/\/renholeksperten.no\/index.php\/2024\/11\/24\/rengjoring-av-topplaten\/\"\n                                        class=\"eael-post-elements-readmore-btn\">Les artikkelen<\/a><\/div>\n                                <\/div><div class=\"eael-entry-header-after style-two\"><div class=\"eael-entry-meta\"><\/div><\/div><\/div><\/div>\n        <\/div>\n    <\/article><\/div>\n            <div class=\"clearfix\"><\/div>\n        <\/div>            <div class=\"eael-load-more-button-wrap\">\n                <button class=\"eael-load-more-button\" id=\"eael-load-more-btn-2e4bf41\" data-widget-id=\"2e4bf41\" data-widget=\"2e4bf41\" data-page-id=\"323\" data-template=\"{&quot;dir&quot;:&quot;lite&quot;,&quot;file_name&quot;:&quot;default.php&quot;,&quot;name&quot;:&quot;Post-Grid&quot;}\" data-class=\"Essential_Addons_Elementor\\Elements\\Post_Grid\" data-layout=\"masonry\" data-page=\"1\" data-args=\"orderby=date&amp;order=asc&amp;ignore_sticky_posts=1&amp;post_status=publish&amp;posts_per_page=6&amp;offset=0&amp;post_type=post\" data-max-page=\"2\">\n                    <span class=\"eael-btn-loader button__loader\"><\/span>\n                    <span class=\"eael_load_more_text\">vise mer<\/span>\n                <\/button>\n            <\/div>\n            \t\t<\/div>\n\t\t\t\t<\/div>\n\t\t\t\t\t<\/div>\n\t\t\t\t<\/div>\n\t\t\t\t<\/div>\n\t\t","protected":false},"excerpt":{"rendered":"<p>Mikrofiberkluter for Rengj\u00f8ring Mikrofiberkluter for Rengj\u00f8ring Mikrofiberkluter er blant de mest popul\u00e6re rengj\u00f8ringsverkt\u00f8yene&#8230; Les artikkelen Sm\u00e5 St\u00f8vsugere for Rask Rengj\u00f8ring [&hellip;]<\/p>\n","protected":false},"author":1,"featured_media":0,"parent":0,"menu_order":0,"comment_status":"closed","ping_status":"closed","template":"elementor_header_footer","meta":{"_eb_attr":"","site-sidebar-layout":"no-sidebar","site-content-layout":"","ast-site-content-layout":"full-width-container","site-content-style":"default","site-sidebar-style":"default","ast-global-header-display":"","ast-banner-title-visibility":"","ast-main-header-display":"","ast-hfb-above-header-display":"","ast-hfb-below-header-display":"","ast-hfb-mobile-header-display":"","site-post-title":"disabled","ast-breadcrumbs-content":"","ast-featured-img":"disabled","footer-sml-layout":"","theme-transparent-header-meta":"","adv-header-id-meta":"","stick-header-meta":"","header-above-stick-meta":"","header-main-stick-meta":"","header-below-stick-meta":"","astra-migrate-meta-layouts":"default","ast-page-background-enabled":"default","ast-page-background-meta":{"desktop":{"background-color":"var(--ast-global-color-4)","background-image":"","background-repeat":"repeat","background-position":"center center","background-size":"auto","background-attachment":"scroll","background-type":"","background-media":"","overlay-type":"","overlay-color":"","overlay-opacity":"","overlay-gradient":""},"tablet":{"background-color":"","background-image":"","background-repeat":"repeat","background-position":"center center","background-size":"auto","background-attachment":"scroll","background-type":"","background-media":"","overlay-type":"","overlay-color":"","overlay-opacity":"","overlay-gradient":""},"mobile":{"background-color":"","background-image":"","background-repeat":"repeat","background-position":"center center","background-size":"auto","background-attachment":"scroll","background-type":"","background-media":"","overlay-type":"","overlay-color":"","overlay-opacity":"","overlay-gradient":""}},"ast-content-background-meta":{"desktop":{"background-color":"var(--ast-global-color-5)","background-image":"","background-repeat":"repeat","background-position":"center center","background-size":"auto","background-attachment":"scroll","background-type":"","background-media":"","overlay-type":"","overlay-color":"","overlay-opacity":"","overlay-gradient":""},"tablet":{"background-color":"var(--ast-global-color-5)","background-image":"","background-repeat":"repeat","background-position":"center center","background-size":"auto","background-attachment":"scroll","background-type":"","background-media":"","overlay-type":"","overlay-color":"","overlay-opacity":"","overlay-gradient":""},"mobile":{"background-color":"var(--ast-global-color-5)","background-image":"","background-repeat":"repeat","background-position":"center center","background-size":"auto","background-attachment":"scroll","background-type":"","background-media":"","overlay-type":"","overlay-color":"","overlay-opacity":"","overlay-gradient":""}},"footnotes":""},"class_list":["post-323","page","type-page","status-publish","hentry"],"_links":{"self":[{"href":"https:\/\/renholeksperten.no\/index.php\/wp-json\/wp\/v2\/pages\/323","targetHints":{"allow":["GET"]}}],"collection":[{"href":"https:\/\/renholeksperten.no\/index.php\/wp-json\/wp\/v2\/pages"}],"about":[{"href":"https:\/\/renholeksperten.no\/index.php\/wp-json\/wp\/v2\/types\/page"}],"author":[{"embeddable":true,"href":"https:\/\/renholeksperten.no\/index.php\/wp-json\/wp\/v2\/users\/1"}],"replies":[{"embeddable":true,"href":"https:\/\/renholeksperten.no\/index.php\/wp-json\/wp\/v2\/comments?post=323"}],"version-history":[{"count":0,"href":"https:\/\/renholeksperten.no\/index.php\/wp-json\/wp\/v2\/pages\/323\/revisions"}],"wp:attachment":[{"href":"https:\/\/renholeksperten.no\/index.php\/wp-json\/wp\/v2\/media?parent=323"}],"curies":[{"name":"wp","href":"https:\/\/api.w.org\/{rel}","templated":true}]}}