{"id":254,"date":"2024-11-22T20:35:20","date_gmt":"2024-11-22T20:35:20","guid":{"rendered":"https:\/\/renholeksperten.maroc-marketing.com\/?page_id=254"},"modified":"2024-11-22T20:35:20","modified_gmt":"2024-11-22T20:35:20","slug":"tjenester","status":"publish","type":"page","link":"https:\/\/renholeksperten.no\/index.php\/tjenester\/","title":{"rendered":"Tjenester"},"content":{"rendered":"\t\t<div data-elementor-type=\"wp-page\" data-elementor-id=\"254\" class=\"elementor elementor-254\">\n\t\t\t\t<div class=\"elementor-element elementor-element-2baef8c e-flex e-con-boxed e-con e-parent\" data-id=\"2baef8c\" data-element_type=\"container\">\n\t\t\t\t\t<div class=\"e-con-inner\">\n\t\t\t\t<div class=\"elementor-element elementor-element-b494a9f elementor-widget elementor-widget-spacer\" data-id=\"b494a9f\" data-element_type=\"widget\" data-widget_type=\"spacer.default\">\n\t\t\t\t<div class=\"elementor-widget-container\">\n\t\t\t\t\t<div class=\"elementor-spacer\">\n\t\t\t<div class=\"elementor-spacer-inner\"><\/div>\n\t\t<\/div>\n\t\t\t\t<\/div>\n\t\t\t\t<\/div>\n\t\t\t\t\t<\/div>\n\t\t\t\t<\/div>\n\t\t<div class=\"elementor-element elementor-element-ab7cd85 e-flex e-con-boxed e-con e-parent\" data-id=\"ab7cd85\" data-element_type=\"container\">\n\t\t\t\t\t<div class=\"e-con-inner\">\n\t\t\t\t<div class=\"elementor-element elementor-element-e367da8 elementor-widget elementor-widget-spacer\" data-id=\"e367da8\" data-element_type=\"widget\" data-widget_type=\"spacer.default\">\n\t\t\t\t<div class=\"elementor-widget-container\">\n\t\t\t\t\t<div class=\"elementor-spacer\">\n\t\t\t<div class=\"elementor-spacer-inner\"><\/div>\n\t\t<\/div>\n\t\t\t\t<\/div>\n\t\t\t\t<\/div>\n\t\t\t\t\t<\/div>\n\t\t\t\t<\/div>\n\t\t<div class=\"elementor-element elementor-element-9013b12 e-flex e-con-boxed e-con e-parent\" data-id=\"9013b12\" data-element_type=\"container\">\n\t\t\t\t\t<div class=\"e-con-inner\">\n\t\t\t\t<div class=\"elementor-element elementor-element-47db110a elementor-widget elementor-widget-heading\" data-id=\"47db110a\" data-element_type=\"widget\" data-widget_type=\"heading.default\">\n\t\t\t\t<div class=\"elementor-widget-container\">\n\t\t\t<h2 class=\"elementor-heading-title elementor-size-default\">TJENESTER<\/h2>\t\t<\/div>\n\t\t\t\t<\/div>\n\t\t\t\t<div class=\"elementor-element elementor-element-4d00cd3e elementor-widget elementor-widget-text-editor\" data-id=\"4d00cd3e\" data-element_type=\"widget\" data-widget_type=\"text-editor.default\">\n\t\t\t\t<div class=\"elementor-widget-container\">\n\t\t\t\t\t\t\t<p>Vi leverer til b\u00e5de private og bedrifter<\/p>\t\t\t\t\t\t<\/div>\n\t\t\t\t<\/div>\n\t\t\t\t\t<\/div>\n\t\t\t\t<\/div>\n\t\t<div class=\"elementor-element elementor-element-51197dd3 e-flex e-con-boxed e-con e-parent\" data-id=\"51197dd3\" data-element_type=\"container\">\n\t\t\t\t\t<div class=\"e-con-inner\">\n\t\t\t\t<div class=\"elementor-element elementor-element-204c0021 elementor-widget elementor-widget-heading\" data-id=\"204c0021\" data-element_type=\"widget\" data-widget_type=\"heading.default\">\n\t\t\t\t<div class=\"elementor-widget-container\">\n\t\t\t<h2 class=\"elementor-heading-title elementor-size-default\">Flyttevask<\/h2>\t\t<\/div>\n\t\t\t\t<\/div>\n\t\t\t\t<div class=\"elementor-element elementor-element-25c3e9fe elementor-widget elementor-widget-text-editor\" data-id=\"25c3e9fe\" data-element_type=\"widget\" data-widget_type=\"text-editor.default\">\n\t\t\t\t<div class=\"elementor-widget-container\">\n\t\t\t\t\t\t\t<p>En flytteperiode blir alltid travlere enn du regner med! Overlat hovedrengj\u00f8ring og flytterengj\u00f8ringen til oss: Vi vasker alt i huset ditt, St\u00f8vsuging av gulv -Vask av gulv -Vindusvask utvendig og innvendig -Vi vasker ogs\u00e5 oppe p\u00e5 kj\u00f8kkenskap og fjerner fett -Vask av hvitevarer og kj\u00f8kkenvifte -Vask av kj\u00f8leskap og ovn -Vask av d\u00f8rer -Karmer og lister -Vask av bad -Sanit\u00e6rutstyr p\u00e5 bad inkludert sluk og vifte -Vask utvendig og innvendig av skap og skuffer -T\u00f8rrmopping av alle tak og vegger -Halvtime med flekkfjerning , peis , balkong .Dersom boligen har et renholds behov som er utover det normale trenger vi \u00e5 vite om dette p\u00e5 forh\u00e5nd.<\/p><p><strong>Byggutvask<\/strong><br \/>Vi har lang erfaring i utvask av nye bygg. Hovedfokus er \u00e5 levere arbeid av h\u00f8y kvalitet.<\/p>\t\t\t\t\t\t<\/div>\n\t\t\t\t<\/div>\n\t\t\t\t<div class=\"elementor-element elementor-element-4cd3dea elementor-widget-divider--view-line elementor-widget elementor-widget-divider\" data-id=\"4cd3dea\" data-element_type=\"widget\" data-widget_type=\"divider.default\">\n\t\t\t\t<div class=\"elementor-widget-container\">\n\t\t\t\t\t<div class=\"elementor-divider\">\n\t\t\t<span class=\"elementor-divider-separator\">\n\t\t\t\t\t\t<\/span>\n\t\t<\/div>\n\t\t\t\t<\/div>\n\t\t\t\t<\/div>\n\t\t\t\t\t<\/div>\n\t\t\t\t<\/div>\n\t\t<div class=\"elementor-element elementor-element-1bff2908 e-flex e-con-boxed e-con e-parent\" data-id=\"1bff2908\" data-element_type=\"container\">\n\t\t\t\t\t<div class=\"e-con-inner\">\n\t\t\t\t<div class=\"elementor-element elementor-element-538fdf68 elementor-widget elementor-widget-heading\" data-id=\"538fdf68\" data-element_type=\"widget\" data-widget_type=\"heading.default\">\n\t\t\t\t<div class=\"elementor-widget-container\">\n\t\t\t<h2 class=\"elementor-heading-title elementor-size-default\">Daglig renhold<\/h2>\t\t<\/div>\n\t\t\t\t<\/div>\n\t\t\t\t<div class=\"elementor-element elementor-element-3a712897 elementor-widget elementor-widget-text-editor\" data-id=\"3a712897\" data-element_type=\"widget\" data-widget_type=\"text-editor.default\">\n\t\t\t\t<div class=\"elementor-widget-container\">\n\t\t\t\t\t\t\t<p id=\"E202\"><span id=\"E203\" class=\"qowt-font7-Arial\">Renhold Experten<\/span><span id=\"E206\" class=\"qowt-font7-Arial\">\u2019<\/span><span id=\"E207\" class=\"qowt-font7-Arial\">s<\/span><span id=\"E209\" class=\"qowt-font7-Arial\">\u00a0\u00f8nske og m\u00e5l er \u00e5 ha tilfredse kunder.\u00a0<\/span><span id=\"E210\" class=\"qowt-font7-Arial\">Det er derfor viktig for oss \u00e5 f\u00e5 vite hva du mener<\/span><span id=\"E211\" class=\"qowt-font7-Arial\">\u00a0og hvilke behov som skal dekkes<\/span><span id=\"E212\" class=\"qowt-font7-Arial\">.\u00a0<\/span><span id=\"E213\" class=\"qowt-font7-Arial\">Kunnskapen vi f\u00e5r brukes aktivt i utarbeidelse av tilbudet.<\/span><\/p><p id=\"E214\"><span id=\"E215\" class=\"qowt-font7-Arial\">Vi er tett p\u00e5 v\u00e5re ansatte slik at vi sikrer at rett kvalitet leveres til rett tid.<\/span><\/p><p id=\"E216\"><span id=\"E217\" class=\"qowt-font7-Arial\">For oss er ingen kunde for liten eller for stor. V\u00e5re kundemasse best\u00e5r av <\/span><span id=\"E218\" class=\"qowt-font7-Arial\">sm\u00e5, mellomstore og store kunder<\/span><span id=\"E219\" class=\"qowt-font7-Arial\">.\u00a0<\/span><span id=\"E220\" class=\"qowt-font7-Arial\">H<\/span><span id=\"E221\" class=\"qowt-font7-Arial\">os oss er det ikke forskjell om firmaet er lite eller stort. Alle skal bli h\u00f8rt.<\/span><\/p>\t\t\t\t\t\t<\/div>\n\t\t\t\t<\/div>\n\t\t\t\t<div class=\"elementor-element elementor-element-3adbd92c elementor-widget-divider--view-line elementor-widget elementor-widget-divider\" data-id=\"3adbd92c\" data-element_type=\"widget\" data-widget_type=\"divider.default\">\n\t\t\t\t<div class=\"elementor-widget-container\">\n\t\t\t\t\t<div class=\"elementor-divider\">\n\t\t\t<span class=\"elementor-divider-separator\">\n\t\t\t\t\t\t<\/span>\n\t\t<\/div>\n\t\t\t\t<\/div>\n\t\t\t\t<\/div>\n\t\t\t\t\t<\/div>\n\t\t\t\t<\/div>\n\t\t<div class=\"elementor-element elementor-element-2b8ace87 e-flex e-con-boxed e-con e-parent\" data-id=\"2b8ace87\" data-element_type=\"container\">\n\t\t\t\t\t<div class=\"e-con-inner\">\n\t\t\t\t<div class=\"elementor-element elementor-element-7259d765 elementor-widget elementor-widget-heading\" data-id=\"7259d765\" data-element_type=\"widget\" data-widget_type=\"heading.default\">\n\t\t\t\t<div class=\"elementor-widget-container\">\n\t\t\t<h2 class=\"elementor-heading-title elementor-size-default\">Vinduspuss<\/h2>\t\t<\/div>\n\t\t\t\t<\/div>\n\t\t\t\t<div class=\"elementor-element elementor-element-6949a7d elementor-widget elementor-widget-text-editor\" data-id=\"6949a7d\" data-element_type=\"widget\" data-widget_type=\"text-editor.default\">\n\t\t\t\t<div class=\"elementor-widget-container\">\n\t\t\t\t\t\t\t<p>Vi har dyktige vinduspussere som utf\u00f8rer arbeid av h\u00f8y kvalitet.<\/p><p>Mange av v\u00e5re kunder velger \u00e5 f\u00e5 utf\u00f8rt vinduspuss etter avtalte intervaller. Dette er med \u00e5 heve inntrykket p\u00e5 renholdet og bygget.<\/p>\t\t\t\t\t\t<\/div>\n\t\t\t\t<\/div>\n\t\t\t\t<div class=\"elementor-element elementor-element-773a8d48 elementor-widget-divider--view-line elementor-widget elementor-widget-divider\" data-id=\"773a8d48\" data-element_type=\"widget\" data-widget_type=\"divider.default\">\n\t\t\t\t<div class=\"elementor-widget-container\">\n\t\t\t\t\t<div class=\"elementor-divider\">\n\t\t\t<span class=\"elementor-divider-separator\">\n\t\t\t\t\t\t<\/span>\n\t\t<\/div>\n\t\t\t\t<\/div>\n\t\t\t\t<\/div>\n\t\t\t\t\t<\/div>\n\t\t\t\t<\/div>\n\t\t<div class=\"elementor-element elementor-element-7e408a3b e-flex e-con-boxed e-con e-parent\" data-id=\"7e408a3b\" data-element_type=\"container\">\n\t\t\t\t\t<div class=\"e-con-inner\">\n\t\t\t\t<div class=\"elementor-element elementor-element-7f57a78 elementor-widget elementor-widget-heading\" data-id=\"7f57a78\" data-element_type=\"widget\" data-widget_type=\"heading.default\">\n\t\t\t\t<div class=\"elementor-widget-container\">\n\t\t\t<h2 class=\"elementor-heading-title elementor-size-default\">Matteleie<\/h2>\t\t<\/div>\n\t\t\t\t<\/div>\n\t\t\t\t<div class=\"elementor-element elementor-element-b8fa391 elementor-widget elementor-widget-text-editor\" data-id=\"b8fa391\" data-element_type=\"widget\" data-widget_type=\"text-editor.default\">\n\t\t\t\t<div class=\"elementor-widget-container\">\n\t\t\t\t\t\t\t<p id=\"E202\">Vi kan tilby gode priser p\u00e5 matter som skiftes etter avtalte frekvenser. Frekvenser kan justeres etter behov og \u00e5rstid. Mattene kommer i flere ulike st\u00f8rrelser.<\/p>\t\t\t\t\t\t<\/div>\n\t\t\t\t<\/div>\n\t\t\t\t<div class=\"elementor-element elementor-element-2d97c5b5 elementor-widget-divider--view-line elementor-widget elementor-widget-divider\" data-id=\"2d97c5b5\" data-element_type=\"widget\" data-widget_type=\"divider.default\">\n\t\t\t\t<div class=\"elementor-widget-container\">\n\t\t\t\t\t<div class=\"elementor-divider\">\n\t\t\t<span class=\"elementor-divider-separator\">\n\t\t\t\t\t\t<\/span>\n\t\t<\/div>\n\t\t\t\t<\/div>\n\t\t\t\t<\/div>\n\t\t\t\t\t<\/div>\n\t\t\t\t<\/div>\n\t\t<div class=\"elementor-element elementor-element-337f54d6 e-flex e-con-boxed e-con e-parent\" data-id=\"337f54d6\" data-element_type=\"container\">\n\t\t\t\t\t<div class=\"e-con-inner\">\n\t\t\t\t<div class=\"elementor-element elementor-element-1f90cdab elementor-widget elementor-widget-heading\" data-id=\"1f90cdab\" data-element_type=\"widget\" data-widget_type=\"heading.default\">\n\t\t\t\t<div class=\"elementor-widget-container\">\n\t\t\t<h2 class=\"elementor-heading-title elementor-size-default\">Gulvbehandling<\/h2>\t\t<\/div>\n\t\t\t\t<\/div>\n\t\t\t\t<div class=\"elementor-element elementor-element-502c7d4c elementor-widget elementor-widget-text-editor\" data-id=\"502c7d4c\" data-element_type=\"widget\" data-widget_type=\"text-editor.default\">\n\t\t\t\t<div class=\"elementor-widget-container\">\n\t\t\t\t\t\t\t<p>Renhold Experten utf\u00f8rer oppskuring og boning av de fleste typer linoleum og vinylbelegg.<\/p><p>Ta kontakt for et uforpliktende tilbud p\u00e5 telefon 92925024 eller p\u00e5 mail renholdekspertentarrass@gmail.com.<\/p>\t\t\t\t\t\t<\/div>\n\t\t\t\t<\/div>\n\t\t\t\t<div class=\"elementor-element elementor-element-644b6156 elementor-widget-divider--view-line elementor-widget elementor-widget-divider\" data-id=\"644b6156\" data-element_type=\"widget\" data-widget_type=\"divider.default\">\n\t\t\t\t<div class=\"elementor-widget-container\">\n\t\t\t\t\t<div class=\"elementor-divider\">\n\t\t\t<span class=\"elementor-divider-separator\">\n\t\t\t\t\t\t<\/span>\n\t\t<\/div>\n\t\t\t\t<\/div>\n\t\t\t\t<\/div>\n\t\t\t\t\t<\/div>\n\t\t\t\t<\/div>\n\t\t<div class=\"elementor-element elementor-element-303720bd e-flex e-con-boxed e-con e-parent\" data-id=\"303720bd\" data-element_type=\"container\">\n\t\t\t\t\t<div class=\"e-con-inner\">\n\t\t\t\t<div class=\"elementor-element elementor-element-5cbe44ce elementor-widget elementor-widget-heading\" data-id=\"5cbe44ce\" data-element_type=\"widget\" data-widget_type=\"heading.default\">\n\t\t\t\t<div class=\"elementor-widget-container\">\n\t\t\t<h2 class=\"elementor-heading-title elementor-size-default\">Rens av tepper<\/h2>\t\t<\/div>\n\t\t\t\t<\/div>\n\t\t\t\t<div class=\"elementor-element elementor-element-2386555b elementor-widget elementor-widget-text-editor\" data-id=\"2386555b\" data-element_type=\"widget\" data-widget_type=\"text-editor.default\">\n\t\t\t\t<div class=\"elementor-widget-container\">\n\t\t\t\t\t\t\t<p>Vi utf\u00f8rer ogs\u00e5 rens av tepper, der vi benytter det nyeste innen rensekjemikalier og rensemaskiner.<\/p>\t\t\t\t\t\t<\/div>\n\t\t\t\t<\/div>\n\t\t\t\t<div class=\"elementor-element elementor-element-4e754021 elementor-widget-divider--view-line elementor-widget elementor-widget-divider\" data-id=\"4e754021\" data-element_type=\"widget\" data-widget_type=\"divider.default\">\n\t\t\t\t<div class=\"elementor-widget-container\">\n\t\t\t\t\t<div class=\"elementor-divider\">\n\t\t\t<span class=\"elementor-divider-separator\">\n\t\t\t\t\t\t<\/span>\n\t\t<\/div>\n\t\t\t\t<\/div>\n\t\t\t\t<\/div>\n\t\t\t\t\t<\/div>\n\t\t\t\t<\/div>\n\t\t<div class=\"elementor-element elementor-element-cd30573 e-flex e-con-boxed e-con e-parent\" data-id=\"cd30573\" data-element_type=\"container\">\n\t\t\t\t\t<div class=\"e-con-inner\">\n\t\t\t\t<div class=\"elementor-element elementor-element-ca942d1 elementor-widget elementor-widget-spacer\" data-id=\"ca942d1\" data-element_type=\"widget\" data-widget_type=\"spacer.default\">\n\t\t\t\t<div class=\"elementor-widget-container\">\n\t\t\t\t\t<div class=\"elementor-spacer\">\n\t\t\t<div class=\"elementor-spacer-inner\"><\/div>\n\t\t<\/div>\n\t\t\t\t<\/div>\n\t\t\t\t<\/div>\n\t\t\t\t\t<\/div>\n\t\t\t\t<\/div>\n\t\t\t\t<\/div>\n\t\t","protected":false},"excerpt":{"rendered":"<p>TJENESTER Vi leverer til b\u00e5de private og bedrifter Flyttevask En flytteperiode blir alltid travlere enn du regner med! Overlat hovedrengj\u00f8ring [&hellip;]<\/p>\n","protected":false},"author":1,"featured_media":0,"parent":0,"menu_order":0,"comment_status":"closed","ping_status":"closed","template":"","meta":{"_eb_attr":"","site-sidebar-layout":"no-sidebar","site-content-layout":"","ast-site-content-layout":"full-width-container","site-content-style":"default","site-sidebar-style":"default","ast-global-header-display":"","ast-banner-title-visibility":"","ast-main-header-display":"","ast-hfb-above-header-display":"","ast-hfb-below-header-display":"","ast-hfb-mobile-header-display":"","site-post-title":"disabled","ast-breadcrumbs-content":"","ast-featured-img":"disabled","footer-sml-layout":"","theme-transparent-header-meta":"","adv-header-id-meta":"","stick-header-meta":"","header-above-stick-meta":"","header-main-stick-meta":"","header-below-stick-meta":"","astra-migrate-meta-layouts":"default","ast-page-background-enabled":"default","ast-page-background-meta":{"desktop":{"background-color":"var(--ast-global-color-4)","background-image":"","background-repeat":"repeat","background-position":"center center","background-size":"auto","background-attachment":"scroll","background-type":"","background-media":"","overlay-type":"","overlay-color":"","overlay-opacity":"","overlay-gradient":""},"tablet":{"background-color":"","background-image":"","background-repeat":"repeat","background-position":"center center","background-size":"auto","background-attachment":"scroll","background-type":"","background-media":"","overlay-type":"","overlay-color":"","overlay-opacity":"","overlay-gradient":""},"mobile":{"background-color":"","background-image":"","background-repeat":"repeat","background-position":"center center","background-size":"auto","background-attachment":"scroll","background-type":"","background-media":"","overlay-type":"","overlay-color":"","overlay-opacity":"","overlay-gradient":""}},"ast-content-background-meta":{"desktop":{"background-color":"var(--ast-global-color-5)","background-image":"","background-repeat":"repeat","background-position":"center center","background-size":"auto","background-attachment":"scroll","background-type":"","background-media":"","overlay-type":"","overlay-color":"","overlay-opacity":"","overlay-gradient":""},"tablet":{"background-color":"var(--ast-global-color-5)","background-image":"","background-repeat":"repeat","background-position":"center center","background-size":"auto","background-attachment":"scroll","background-type":"","background-media":"","overlay-type":"","overlay-color":"","overlay-opacity":"","overlay-gradient":""},"mobile":{"background-color":"var(--ast-global-color-5)","background-image":"","background-repeat":"repeat","background-position":"center center","background-size":"auto","background-attachment":"scroll","background-type":"","background-media":"","overlay-type":"","overlay-color":"","overlay-opacity":"","overlay-gradient":""}},"footnotes":""},"class_list":["post-254","page","type-page","status-publish","hentry"],"_links":{"self":[{"href":"https:\/\/renholeksperten.no\/index.php\/wp-json\/wp\/v2\/pages\/254","targetHints":{"allow":["GET"]}}],"collection":[{"href":"https:\/\/renholeksperten.no\/index.php\/wp-json\/wp\/v2\/pages"}],"about":[{"href":"https:\/\/renholeksperten.no\/index.php\/wp-json\/wp\/v2\/types\/page"}],"author":[{"embeddable":true,"href":"https:\/\/renholeksperten.no\/index.php\/wp-json\/wp\/v2\/users\/1"}],"replies":[{"embeddable":true,"href":"https:\/\/renholeksperten.no\/index.php\/wp-json\/wp\/v2\/comments?post=254"}],"version-history":[{"count":0,"href":"https:\/\/renholeksperten.no\/index.php\/wp-json\/wp\/v2\/pages\/254\/revisions"}],"wp:attachment":[{"href":"https:\/\/renholeksperten.no\/index.php\/wp-json\/wp\/v2\/media?parent=254"}],"curies":[{"name":"wp","href":"https:\/\/api.w.org\/{rel}","templated":true}]}}